{"id":1285,"date":"2024-03-22T10:28:25","date_gmt":"2024-03-22T09:28:25","guid":{"rendered":"https:\/\/www.bienfaitspourtoits-lehavre.fr\/legal-notice\/"},"modified":"2024-05-14T11:55:45","modified_gmt":"2024-05-14T10:55:45","slug":"legal-notice","status":"publish","type":"page","link":"https:\/\/www.bienfaitspourtoits-lehavre.fr\/en\/legal-notice\/","title":{"rendered":"Legal Notice"},"content":{"rendered":"<div class=\"fusion-fullwidth fullwidth-box fusion-builder-row-1 fusion-flex-container has-pattern-background has-mask-background nonhundred-percent-fullwidth non-hundred-percent-height-scrolling\" style=\"--awb-border-radius-top-left:0px;--awb-border-radius-top-right:0px;--awb-border-radius-bottom-right:0px;--awb-border-radius-bottom-left:0px;--awb-flex-wrap:wrap;\" ><div class=\"fusion-builder-row fusion-row fusion-flex-align-items-flex-start fusion-flex-content-wrap\" style=\"max-width:1263.6px;margin-left: calc(-4% \/ 2 );margin-right: calc(-4% \/ 2 );\"><div class=\"fusion-layout-column fusion_builder_column fusion-builder-column-0 fusion_builder_column_1_1 1_1 fusion-flex-column\" style=\"--awb-bg-size:cover;--awb-width-large:100%;--awb-margin-top-large:0px;--awb-spacing-right-large:1.92%;--awb-margin-bottom-large:20px;--awb-spacing-left-large:1.92%;--awb-width-medium:100%;--awb-order-medium:0;--awb-spacing-right-medium:1.92%;--awb-spacing-left-medium:1.92%;--awb-width-small:100%;--awb-order-small:0;--awb-spacing-right-small:1.92%;--awb-spacing-left-small:1.92%;\"><div class=\"fusion-column-wrapper fusion-column-has-shadow fusion-flex-justify-content-flex-start fusion-content-layout-column\"><div class=\"fusion-text fusion-text-1\"><h1 style=\"text-align: center;\"><span style=\"text-decoration: underline;\">Legal Notice<\/span><\/h1>\n<h2><span id=\"lwptoc20\">1 &#8211; Site editing<\/span><\/h2>\n<p>En vertu de <a href=\"https:\/\/www.legifrance.gouv.fr\/affichTexte.do?cidTexte=JORFTEXT000000801164#LEGIARTI000042038977\" target=\"_blank\" rel=\"noreferrer noopener\">l&#8217;article 6 de la loi n\u00b0 2004-575 du 21 juin 2004<\/a> pour la confiance dans l&#8217;\u00e9conomie num\u00e9rique, il est pr\u00e9cis\u00e9 aux utilisateurs du site internet <strong><span class=\"ff_dynamic_value\" data-ref=\"url\" data-fallback=\"\">https:\/\/www.bienfaitspourtoits-lehavre.fr\/<\/span><\/strong> l&#8217;identit\u00e9 des diff\u00e9rents intervenants dans le cadre de sa r\u00e9alisation et de son suivi:<\/p>\n<p><strong>Owner : <\/strong><span class=\"ff_dynamic_value\" data-ref=\"nom_proprietaire\" data-fallback=\"\">SAS BienfaitsPourToits<\/span> &#8211; Contact : <span class=\"ff_dynamic_value\" data-ref=\"e_mail_contact\" data-fallback=\"\">bienfaitspourtoits@gmail.com<\/span> &#8211; Adresse : <span class=\"ff_dynamic_value\" data-ref=\"adresse_postale\" data-fallback=\"\">52 rue de Bretagne 76600 Le Havre<\/span>.<\/p>\n<p><strong>Identification de l&#8217;entreprise :<\/strong> <span class=\"ff_dynamic_value\" data-ref=\"forme_juridique\" data-fallback=\"\">SAS<\/span> <span class=\"ff_dynamic_value\" data-ref=\"nom_proprietaire\" data-fallback=\"\">SAS BienfaitsPourToits<\/span> au capital social de <span class=\"ff_dynamic_value\" data-ref=\"capital_social\" data-fallback=\"\">1000\u20ac<\/span>\u20ac &#8211; SIREN : <span class=\"ff_dynamic_value\" data-ref=\"siren\" data-fallback=\"\">885279828<\/span> &#8211; RCS ou RM : <span class=\"ff_dynamic_value\" data-ref=\"rcs\" data-fallback=\"\">Le Havre B 885 279 828<\/span> &#8211; Adresse postale : <span class=\"ff_dynamic_value\" data-ref=\"adresse_postale\" data-fallback=\"\">52 rue de Bretagne 76600 Le Havre<\/span><\/p>\n<p><strong>Publication director : <\/strong><span class=\"ff_dynamic_value\" data-ref=\"directeur_publication\" data-fallback=\"\">Bienfaits pour Toits<\/span> &#8211; Contact : <span class=\"ff_dynamic_value\" data-ref=\"contact_directeur\" data-fallback=\"\">bienfaitspourtoits@gmail.com<\/span>.<\/p>\n<p><strong>Host :<\/strong> <span class=\"ff_dynamic_value\" data-ref=\"hebergeur\" data-fallback=\"\">Gandi &#8211; 63-65 Boulevard Mass\u00e9na, 75013 Paris &#8211; T\u00e9l\u00e9phone : 01.70.37.76.61<\/span><\/p>\n<p><strong>Data Protection Officer : <\/strong><span class=\"ff_dynamic_value\" data-ref=\"dpo\" data-fallback=\"\">Bienfaits pour Toits<\/span> &#8211; <span class=\"ff_dynamic_value\" data-ref=\"contact_dpo\" data-fallback=\"\">bienfaitspourtoits@gmail.com<\/span><\/p>\n<hr class=\"wp-block-separator\" \/>\n<h2><span id=\"lwptoc21\">2 &#8211; Intellectual property and counterfeits.<\/span><\/h2>\n<p><strong><span class=\"ff_dynamic_value\" data-ref=\"nom_proprietaire\" data-fallback=\"\">SAS BienfaitsPourToits<\/span><\/strong> is the owner of the intellectual property rights and holds the usage rights on all elements accessible on the website, in particular texts, images, graphics, logos, videos, architecture, icons and sounds.<\/p>\n<p>Any reproduction, representation, modification, publication, adaptation of all or part of the elements of the site, whatever the means or process used, is prohibited without prior written authorization from <strong><span class=\"ff_dynamic_value\" data-ref=\"nom_proprietaire\" data-fallback=\"\">SAS BienfaitsPourToits<\/span><\/strong>.<\/p>\n<p>Any unauthorized use of the site or any of the elements it contains will be considered to constitute an infringement and prosecuted in accordance with the provisions of articles <a href=\"https:\/\/www.legifrance.gouv.fr\/affichCodeArticle.do?idArticle=LEGIARTI000032655082&amp;cidTexte=LEGITEXT000006069414&amp;dateTexte=20160605\" target=\"_blank\" rel=\"noreferrer nofollow noopener\">L.335-2 et suivants du Code de Propri\u00e9t\u00e9 Intellectuelle<\/a>.<\/p>\n<hr class=\"wp-block-separator\" \/>\n<h2><span id=\"lwptoc22\">3 &#8211; Limitations of Liability.<\/span><\/h2>\n<p><strong><span class=\"ff_dynamic_value\" data-ref=\"nom_proprietaire\" data-fallback=\"\">SAS BienfaitsPourToits<\/span><\/strong> ncannot be held responsible for direct or indirect damage caused to the user&#8217;s equipment when accessing the site <strong><span class=\"ff_dynamic_value\" data-ref=\"url\" data-fallback=\"\">https:\/\/www.bienfaitspourtoits-lehavre.fr\/<\/span><\/strong>.<\/p>\n<p><strong><span class=\"ff_dynamic_value\" data-ref=\"nom_proprietaire\" data-fallback=\"\">SAS BienfaitsPourToits<\/span><\/strong> declines all responsibility for the use that may be made of the information and content present on <strong><span class=\"ff_dynamic_value\" data-ref=\"url\" data-fallback=\"\">https:\/\/www.bienfaitspourtoits-lehavre.fr\/<\/span><\/strong>.<\/p>\n<p><strong><span class=\"ff_dynamic_value\" data-ref=\"nom_proprietaire\" data-fallback=\"\">SAS BienfaitsPourToits<\/span><\/strong> undertakes to secure the site as best as possible <strong><span class=\"ff_dynamic_value\" data-ref=\"url\" data-fallback=\"\">https:\/\/www.bienfaitspourtoits-lehavre.fr\/<\/span><\/strong>, however, its liability cannot be called into question if unwanted data is imported and installed on its site without its knowledge.<\/p>\n<p>Interactive spaces (contact space or comments) are available to users. <strong><span class=\"ff_dynamic_value\" data-ref=\"nom_proprietaire\" data-fallback=\"\">SAS BienfaitsPourToits<\/span><\/strong> reserves the right to delete, without prior notice, any content posted in this space which contravenes the legislation applicable in France, in particular the provisions relating to data protection.<\/p>\n<p>If applicable, <strong><span class=\"ff_dynamic_value\" data-ref=\"nom_proprietaire\" data-fallback=\"\">SAS BienfaitsPourToits<\/span><\/strong> also reserves the possibility of calling into question the civil and\/or criminal liability of the user, in particular in the event of a message of a racist, offensive, defamatory, or pornographic nature, whatever the medium used (text, photography, etc.).<\/p>\n<hr class=\"wp-block-separator\" \/>\n<h2><span id=\"lwptoc23\">4 &#8211; CNIL and management of personal data.<\/span><\/h2>\n<p>In accordance with the provisions of <a href=\"https:\/\/www.legifrance.gouv.fr\/affichTexte.do?cidTexte=JORFTEXT000000886460\" target=\"_blank\" rel=\"noreferrer nofollow noopener\">la loi 78-17 du 6 janvier 1978 modifi\u00e9e<\/a>, the user of the site <strong><span class=\"ff_dynamic_value\" data-ref=\"url\" data-fallback=\"\">https:\/\/www.bienfaitspourtoits-lehavre.fr\/<\/span><\/strong> has the right to access, modify and delete the information collected. To exercise this right, send a message to our Data Protection Officer: <strong><span class=\"ff_dynamic_value\" data-ref=\"dpo\" data-fallback=\"\">Bienfaits pour Toits<\/span><\/strong> &#8211; <strong><span class=\"ff_dynamic_value\" data-ref=\"contact_dpo\" data-fallback=\"\">bienfaitspourtoits@gmail.com<\/span><\/strong>.<\/p>\n<p>For more information on how we process your data (data type, purpose, recipient, etc.), read our <strong><span class=\"ff_dynamic_value\" data-ref=\"politique_confidentialite\" data-fallback=\"\">https:\/\/www.bienfaitspourtoits-lehavre.fr\/politique-de-confidentialite<\/span><\/strong>.<\/p>\n<hr class=\"wp-block-separator\" \/>\n<h2><span id=\"lwptoc24\">5 &#8211; Hypertext links and cookies<\/span><\/h2>\n<p>The website <strong><span class=\"ff_dynamic_value\" data-ref=\"url\" data-fallback=\"\">https:\/\/www.bienfaitspourtoits-lehavre.fr\/<\/span><\/strong> contains hypertext links to other sites and disclaims any responsibility for these external links or links created by other sites to <strong><span class=\"ff_dynamic_value\" data-ref=\"url\" data-fallback=\"\">https:\/\/www.bienfaitspourtoits-lehavre.fr\/<\/span><\/strong>.<\/p>\n<p>Navigation on the site <strong><span class=\"ff_dynamic_value\" data-ref=\"url\" data-fallback=\"\">https:\/\/www.bienfaitspourtoits-lehavre.fr\/<\/span><\/strong> may cause the installation of cookie(s) on the user&#8217;s computer.<\/p>\n<p>A \u201ccookie\u201d is a small file that records information relating to a user\u2019s navigation on a site. The data thus obtained makes it possible to obtain attendance measurements, for example.<\/p>\n<p>Vous avez la possibilit\u00e9 <strong>d\u2019accepter ou de refuser les cookies<\/strong> en modifiant les param\u00e8tres de votre navigateur. No cookies will be placed without your consent.<\/p>\n<p>Les cookies sont enregistr\u00e9s pour une dur\u00e9e maximale de <span class=\"ff_dynamic_value\" data-ref=\"cookies\" data-fallback=\"\">12<\/span> mois.<\/p>\n<p>For more information on how we use cookies, read our <strong><span class=\"ff_dynamic_value\" data-ref=\"politique_confidentialite\" data-fallback=\"\">https:\/\/www.bienfaitspourtoits-lehavre.fr\/politique-de-confidentialite<\/span><\/strong>.<\/p>\n<hr class=\"wp-block-separator\" \/>\n<h2><span id=\"lwptoc25\">6 &#8211; Applicable law and attribution of jurisdiction.<\/span><\/h2>\n<p>Any dispute relating to the use of the site <strong><span class=\"ff_dynamic_value\" data-ref=\"url\" data-fallback=\"\">https:\/\/www.bienfaitspourtoits-lehavre.fr\/<\/span><\/strong> is subject to French law. Except in cases where the law does not permit it, exclusive jurisdiction is granted to the competent courts of <strong><span class=\"ff_dynamic_value\" data-ref=\"ville_du_tribunal\" data-fallback=\"\">Le Havre<\/span><\/strong>.<\/p>\n<div class=\"wp-block-spacer\" aria-hidden=\"true\"><\/div>\n<\/div><\/div><\/div><\/div><\/div>\n","protected":false},"excerpt":{"rendered":"","protected":false},"author":3,"featured_media":0,"parent":0,"menu_order":0,"comment_status":"closed","ping_status":"closed","template":"","meta":{"_uag_custom_page_level_css":"","footnotes":""},"class_list":["post-1285","page","type-page","status-publish","hentry"],"uagb_featured_image_src":{"full":false,"thumbnail":false,"medium":false,"medium_large":false,"large":false,"1536x1536":false,"2048x2048":false,"blog-large":false,"blog-medium":false,"recent-posts":false,"recent-works-thumbnail":false,"fusion-200":false,"fusion-400":false,"fusion-600":false,"fusion-800":false,"fusion-1200":false,"portfolio-full":false,"portfolio-one":false,"portfolio-two":false,"portfolio-three":false,"portfolio-five":false},"uagb_author_info":{"display_name":"Cl\u00e9ment Vatinel","author_link":"https:\/\/www.bienfaitspourtoits-lehavre.fr\/en\/author\/clement\/"},"uagb_comment_info":0,"uagb_excerpt":null,"_links":{"self":[{"href":"https:\/\/www.bienfaitspourtoits-lehavre.fr\/en\/wp-json\/wp\/v2\/pages\/1285","targetHints":{"allow":["GET"]}}],"collection":[{"href":"https:\/\/www.bienfaitspourtoits-lehavre.fr\/en\/wp-json\/wp\/v2\/pages"}],"about":[{"href":"https:\/\/www.bienfaitspourtoits-lehavre.fr\/en\/wp-json\/wp\/v2\/types\/page"}],"author":[{"embeddable":true,"href":"https:\/\/www.bienfaitspourtoits-lehavre.fr\/en\/wp-json\/wp\/v2\/users\/3"}],"replies":[{"embeddable":true,"href":"https:\/\/www.bienfaitspourtoits-lehavre.fr\/en\/wp-json\/wp\/v2\/comments?post=1285"}],"version-history":[{"count":3,"href":"https:\/\/www.bienfaitspourtoits-lehavre.fr\/en\/wp-json\/wp\/v2\/pages\/1285\/revisions"}],"predecessor-version":[{"id":1421,"href":"https:\/\/www.bienfaitspourtoits-lehavre.fr\/en\/wp-json\/wp\/v2\/pages\/1285\/revisions\/1421"}],"wp:attachment":[{"href":"https:\/\/www.bienfaitspourtoits-lehavre.fr\/en\/wp-json\/wp\/v2\/media?parent=1285"}],"curies":[{"name":"wp","href":"https:\/\/api.w.org\/{rel}","templated":true}]}}