{"id":1274,"date":"2024-04-16T10:10:36","date_gmt":"2024-04-16T09:10:36","guid":{"rendered":"https:\/\/www.bienfaitspourtoits-lehavre.fr\/?page_id=1274"},"modified":"2024-05-14T12:45:52","modified_gmt":"2024-05-14T11:45:52","slug":"conciergerie-bienfaits-pour-toits-contact","status":"publish","type":"page","link":"https:\/\/www.bienfaitspourtoits-lehavre.fr\/en\/conciergerie-bienfaits-pour-toits-contact\/","title":{"rendered":"Conciergerie Bienfaits pour Toits &#8211; contact"},"content":{"rendered":"<div id=\"contact\" class=\"fusion-container-anchor\"><div class=\"fusion-fullwidth fullwidth-box fusion-builder-row-1 fusion-flex-container hundred-percent-fullwidth non-hundred-percent-height-scrolling\" style=\"--awb-border-radius-top-left:0px;--awb-border-radius-top-right:0px;--awb-border-radius-bottom-right:0px;--awb-border-radius-bottom-left:0px;--awb-padding-right:0px;--awb-padding-bottom:0px;--awb-padding-left:0px;--awb-margin-bottom:0px;--awb-flex-wrap:wrap;\" ><div class=\"fusion-builder-row fusion-row fusion-flex-align-items-stretch fusion-flex-content-wrap\" style=\"width:calc( 100% + 0px ) !important;max-width:calc( 100% + 0px ) !important;margin-left: calc(-0px \/ 2 );margin-right: calc(-0px \/ 2 );\"><div class=\"fusion-layout-column fusion_builder_column fusion-builder-column-0 fusion_builder_column_1_2 1_2 fusion-flex-column fusion-column-inner-bg-wrapper fusion-animated fusion-menu\" style=\"--awb-inner-bg-position:center center;--awb-inner-bg-position-medium:left top;--awb-inner-bg-repeat-medium:no-repeat;--awb-inner-bg-size:cover;--awb-inner-bg-size-medium:contain;--awb-width-large:50%;--awb-margin-top-large:0px;--awb-spacing-right-large:calc( 0 * calc( 100% - 0 ) );--awb-margin-bottom-large:0px;--awb-spacing-left-large:0px;--awb-width-medium:100%;--awb-spacing-right-medium:0px;--awb-spacing-left-medium:0px;--awb-width-small:100%;--awb-spacing-right-small:0px;--awb-spacing-left-small:0px;\" data-animationType=\"fadeInLeft\" data-animationDuration=\"1.0\" data-animationOffset=\"top-into-view\"><span class=\"fusion-column-inner-bg hover-type-none\"><a class=\"fusion-column-anchor\" href=\"https:\/\/www.bienfaitspourtoits-lehavre.fr\/#services\"><span class=\"fusion-column-inner-bg-image lazyload\" data-bg=\"https:\/\/www.bienfaitspourtoits-lehavre.fr\/wp-content\/uploads\/2023\/08\/p2-2.jpg\"><\/span><\/a><\/span><div class=\"fusion-column-wrapper fusion-column-has-shadow fusion-flex-justify-content-flex-start fusion-content-layout-column fusion-column-has-bg-image\" data-bg-url=\"https:\/\/www.bienfaitspourtoits-lehavre.fr\/wp-content\/uploads\/2023\/08\/p2-2.jpg\"><div class=\"fusion-separator fusion-no-large-visibility fusion-full-width-sep\" style=\"align-self: center;margin-left: auto;margin-right: auto;margin-top:20vw;margin-bottom:20vw;width:100%;\"><\/div><\/div><\/div><div class=\"fusion-layout-column fusion_builder_column fusion-builder-column-1 fusion_builder_column_1_2 1_2 fusion-flex-column fusion-animated fusion-menu\" style=\"--awb-padding-top:17%;--awb-padding-right:19%;--awb-padding-bottom:19%;--awb-padding-left:19%;--awb-bg-image:linear-gradient(180deg, var(--awb-color1) 0%,hsla(var(--awb-color5-h),var(--awb-color5-s),var(--awb-color5-l),calc( var(--awb-color5-a) - 93% )) 100%);--awb-bg-size:cover;--awb-width-large:50%;--awb-margin-top-large:0px;--awb-spacing-right-large:0px;--awb-margin-bottom-large:0px;--awb-spacing-left-large:0px;--awb-width-medium:100%;--awb-spacing-right-medium:0px;--awb-spacing-left-medium:0px;--awb-width-small:100%;--awb-spacing-right-small:0px;--awb-spacing-left-small:0px;\" data-animationType=\"fadeIn\" data-animationDuration=\"1.0\" data-animationOffset=\"top-into-view\"><div class=\"fusion-column-wrapper fusion-column-has-shadow fusion-flex-justify-content-center fusion-content-layout-column\"><div class=\"fusion-title title fusion-title-1 fusion-sep-none fusion-title-text fusion-title-size-two\" style=\"--awb-text-color:var(--awb-color4);--awb-margin-bottom:7%;--awb-margin-top-small:10px;--awb-margin-right-small:0px;--awb-margin-bottom-small:10px;--awb-margin-left-small:0px;--awb-font-size:43px;\"><h2 class=\"fusion-title-heading title-heading-left fusion-responsive-typography-calculated\" style=\"margin:0;font-size:1em;--fontSize:43;line-height:1.3;\"><h2>Contact us<\/h2><\/h2><\/div><div class=\"fusion-text fusion-text-1\"><p style=\"color: var(--awb-color8);\">You have an investment project, you are looking for a temporary rental, do not hesitate to contact us directly by telephone, e-mail or via the form below. We will get back to you as soon as possible.<\/p>\n<\/div><div class=\"fusion-builder-row fusion-builder-row-inner fusion-row fusion-flex-align-items-stretch fusion-flex-content-wrap\" style=\"--awb-flex-grow:0;--awb-flex-grow-medium:0;--awb-flex-grow-small:0;--awb-flex-shrink:0;--awb-flex-shrink-medium:0;--awb-flex-shrink-small:0;width:calc( 100% + 0px ) !important;max-width:calc( 100% + 0px ) !important;margin-left: calc(-0px \/ 2 );margin-right: calc(-0px \/ 2 );\"><div class=\"fusion-layout-column fusion_builder_column_inner fusion-builder-nested-column-0 fusion_builder_column_inner_1_1 1_1 fusion-flex-column\" style=\"--awb-bg-size:cover;--awb-width-large:100%;--awb-margin-top-large:0px;--awb-spacing-right-large:0px;--awb-margin-bottom-large:20px;--awb-spacing-left-large:0px;--awb-width-medium:100%;--awb-spacing-right-medium:0px;--awb-spacing-left-medium:0px;--awb-width-small:100%;--awb-spacing-right-small:0px;--awb-spacing-left-small:0px;\"><div class=\"fusion-column-wrapper fusion-column-has-shadow fusion-flex-justify-content-flex-start fusion-content-layout-block\"><div class=\"fusion-fa-align-left\"><i class=\"fb-icon-element-1 fb-icon-element fontawesome-icon cleaner-mobile circle-no\" style=\"--awb-iconcolor:var(--awb-color7);--awb-iconcolor-hover:var(--awb-color7);--awb-font-size:24px;--awb-margin-right:12px;\"><\/i><\/div><div class=\"fusion-text fusion-text-2\"><p style=\"margin-bottom: 0; font-size: 19px; line-height: 1.3; color: var(--awb-color7); font-family: Roboto; font-weight: 500;\" data-fusion-font=\"true\" data-fusion-google-font=\"Roboto\" data-fusion-google-variant=\"500\" data-fusion-google-subset=\"latin\">+33 (0) 617 449 492<\/p>\n<\/div><\/div><\/div><div class=\"fusion-layout-column fusion_builder_column_inner fusion-builder-nested-column-1 fusion_builder_column_inner_1_1 1_1 fusion-flex-column\" style=\"--awb-bg-size:cover;--awb-width-large:100%;--awb-margin-top-large:0px;--awb-spacing-right-large:0px;--awb-margin-bottom-large:20px;--awb-spacing-left-large:0px;--awb-width-medium:100%;--awb-spacing-right-medium:0px;--awb-spacing-left-medium:0px;--awb-width-small:100%;--awb-spacing-right-small:0px;--awb-spacing-left-small:0px;\"><div class=\"fusion-column-wrapper fusion-column-has-shadow fusion-flex-justify-content-flex-start fusion-content-layout-block\"><div class=\"fusion-fa-align-left\"><i class=\"fb-icon-element-2 fb-icon-element fontawesome-icon cleaner-mail circle-no\" style=\"--awb-iconcolor:var(--awb-color7);--awb-iconcolor-hover:var(--awb-color7);--awb-font-size:24px;--awb-margin-right:12px;\"><\/i><\/div><div class=\"fusion-text fusion-text-3\"><p style=\"margin-bottom: 0; font-size: 19px; line-height: 1.35; color: var(--awb-color7); font-family: Roboto; font-weight: 500;\" data-fusion-font=\"true\" data-fusion-google-font=\"Roboto\" data-fusion-google-variant=\"500\" data-fusion-google-subset=\"latin\"><a href=\"mailto:bienfaitspourtoits@gmail.com\">bienfaitspourtoits@gmail.com<\/a><\/p>\n<\/div><\/div><\/div><div class=\"fusion-layout-column fusion_builder_column_inner fusion-builder-nested-column-2 fusion_builder_column_inner_1_1 1_1 fusion-flex-column\" style=\"--awb-bg-size:cover;--awb-width-large:100%;--awb-margin-top-large:0px;--awb-spacing-right-large:0px;--awb-margin-bottom-large:20px;--awb-spacing-left-large:0px;--awb-width-medium:100%;--awb-spacing-right-medium:0px;--awb-spacing-left-medium:0px;--awb-width-small:100%;--awb-spacing-right-small:0px;--awb-spacing-left-small:0px;\"><div class=\"fusion-column-wrapper fusion-column-has-shadow fusion-flex-justify-content-flex-start fusion-content-layout-block\"><div class=\"fusion-form fusion-form-builder fusion-form-form-wrapper fusion-form-523\" style=\"--awb-tooltip-text-color:#ffffff;--awb-tooltip-background-color:#333333;--awb-form-placeholder-color:hsla(var(--awb-color4-h),var(--awb-color4-s),var(--awb-color4-l),calc(var(--awb-color4-a) - 50%));--awb-form-text-color:var(--awb-color4);\" data-form-id=\"523\" data-config=\"{&quot;form_id&quot;:523,&quot;form_post_id&quot;:523,&quot;post_id&quot;:1274,&quot;form_type&quot;:&quot;ajax&quot;,&quot;confirmation_type&quot;:&quot;message&quot;,&quot;redirect_url&quot;:&quot;&quot;,&quot;redirect_timeout&quot;:&quot;0&quot;,&quot;field_labels&quot;:{&quot;Nom&quot;:&quot;&quot;,&quot;prenom&quot;:&quot;&quot;,&quot;Telephone&quot;:&quot;&quot;,&quot;email&quot;:&quot;&quot;,&quot;message&quot;:&quot;&quot;},&quot;field_logics&quot;:{&quot;Nom&quot;:&quot;&quot;,&quot;prenom&quot;:&quot;&quot;,&quot;Telephone&quot;:&quot;&quot;,&quot;email&quot;:&quot;&quot;,&quot;message&quot;:&quot;&quot;,&quot;submit_1&quot;:&quot;&quot;,&quot;notice_1&quot;:&quot;&quot;},&quot;field_types&quot;:{&quot;Nom&quot;:&quot;text&quot;,&quot;prenom&quot;:&quot;text&quot;,&quot;Telephone&quot;:&quot;phone_number&quot;,&quot;email&quot;:&quot;email&quot;,&quot;message&quot;:&quot;textarea&quot;,&quot;submit_1&quot;:&quot;submit&quot;,&quot;notice_1&quot;:&quot;notice&quot;},&quot;nonce_method&quot;:&quot;ajax&quot;,&quot;form_views&quot;:&quot;ajax&quot;,&quot;form_views_counting&quot;:&quot;all&quot;}\"><form action=\"https:\/\/www.bienfaitspourtoits-lehavre.fr\/en\/conciergerie-bienfaits-pour-toits-contact\/\" method=\"post\" class=\"fusion-form fusion-form-523\"><div class=\"fusion-fullwidth fullwidth-box fusion-builder-row-1-1 fusion-flex-container nonhundred-percent-fullwidth non-hundred-percent-height-scrolling\" style=\"--awb-border-radius-top-left:0px;--awb-border-radius-top-right:0px;--awb-border-radius-bottom-right:0px;--awb-border-radius-bottom-left:0px;--awb-padding-top:0px;--awb-padding-right:0px;--awb-padding-bottom:0px;--awb-padding-left:0px;--awb-margin-top:0px;--awb-margin-bottom:0px;--awb-flex-wrap:wrap;\" ><div class=\"fusion-builder-row fusion-row fusion-flex-align-items-center fusion-flex-content-wrap\" style=\"width:calc( 100% + 30px ) !important;max-width:calc( 100% + 30px ) !important;margin-left: calc(-30px \/ 2 );margin-right: calc(-30px \/ 2 );\"><div class=\"fusion-layout-column fusion_builder_column fusion-builder-column-2 fusion_builder_column_1_2 1_2 fusion-flex-column\" style=\"--awb-bg-size:cover;--awb-width-large:50%;--awb-flex-grow:0;--awb-flex-shrink:0;--awb-margin-top-large:0px;--awb-spacing-right-large:15px;--awb-margin-bottom-large:0px;--awb-spacing-left-large:15px;--awb-width-medium:100%;--awb-order-medium:0;--awb-flex-grow-medium:0;--awb-flex-shrink-medium:0;--awb-spacing-right-medium:15px;--awb-spacing-left-medium:15px;--awb-width-small:100%;--awb-order-small:0;--awb-flex-grow-small:0;--awb-flex-shrink-small:0;--awb-spacing-right-small:15px;--awb-spacing-left-small:15px;\"><div class=\"fusion-column-wrapper fusion-column-has-shadow fusion-flex-justify-content-flex-start fusion-content-layout-column\"><div class=\"fusion-form-field fusion-form-text-field fusion-form-label-above\" style=\"\" data-form-id=\"523\"><input type=\"text\" autocomplete=\"off\" name=\"Nom\" id=\"Nom\" value=\"\"  class=\"fusion-form-input\" required=\"true\" aria-required=\"true\" placeholder=\"Nom *\" data-holds-private-data=\"false\" minlength=\"0\"\/><\/div><div class=\"fusion-form-field fusion-form-text-field fusion-form-label-above\" style=\"\" data-form-id=\"523\"><input type=\"text\" autocomplete=\"off\" name=\"prenom\" id=\"prenom\" value=\"\"  class=\"fusion-form-input\" required=\"true\" aria-required=\"true\" placeholder=\"Pr\u00e9nom *\" data-holds-private-data=\"false\" minlength=\"0\"\/><\/div><\/div><\/div><div class=\"fusion-layout-column fusion_builder_column fusion-builder-column-3 fusion_builder_column_1_2 1_2 fusion-flex-column\" style=\"--awb-bg-size:cover;--awb-width-large:50%;--awb-flex-grow:0;--awb-flex-shrink:0;--awb-margin-top-large:0px;--awb-spacing-right-large:15px;--awb-margin-bottom-large:0px;--awb-spacing-left-large:15px;--awb-width-medium:100%;--awb-order-medium:0;--awb-flex-grow-medium:0;--awb-flex-shrink-medium:0;--awb-spacing-right-medium:15px;--awb-spacing-left-medium:15px;--awb-width-small:100%;--awb-order-small:0;--awb-flex-grow-small:0;--awb-flex-shrink-small:0;--awb-spacing-right-small:15px;--awb-spacing-left-small:15px;\"><div class=\"fusion-column-wrapper fusion-column-has-shadow fusion-flex-justify-content-flex-start fusion-content-layout-column\"><div class=\"fusion-form-field fusion-form-phone-number-field fusion-form-label-above\" style=\"\" data-form-id=\"523\"><input type=\"tel\" autocomplete=\"off\" name=\"Telephone\" id=\"Telephone\" value=\"\"  class=\"fusion-form-input\" placeholder=\"Telephone \" data-holds-private-data=\"false\"\/><\/div><div class=\"fusion-form-field fusion-form-email-field fusion-form-label-above\" style=\"\" data-form-id=\"523\"><div class=\"fusion-form-input-with-icon\"><i class=\"awb-form-icon fa-at fas\"><\/i><input type=\"email\" autocomplete=\"off\" name=\"email\" id=\"email\" value=\"\"  class=\"fusion-form-input\" required=\"true\" aria-required=\"true\" placeholder=\"Email *\" data-holds-private-data=\"false\"\/><\/div><\/div><\/div><\/div><div class=\"fusion-layout-column fusion_builder_column fusion-builder-column-4 fusion_builder_column_1_1 1_1 fusion-flex-column\" style=\"--awb-bg-size:cover;--awb-width-large:100%;--awb-flex-grow:0;--awb-flex-shrink:0;--awb-margin-top-large:0px;--awb-spacing-right-large:15px;--awb-margin-bottom-large:10px;--awb-spacing-left-large:15px;--awb-width-medium:100%;--awb-order-medium:0;--awb-flex-grow-medium:0;--awb-flex-shrink-medium:0;--awb-spacing-right-medium:15px;--awb-spacing-left-medium:15px;--awb-width-small:100%;--awb-order-small:0;--awb-flex-grow-small:0;--awb-flex-shrink-small:0;--awb-spacing-right-small:15px;--awb-spacing-left-small:15px;\"><div class=\"fusion-column-wrapper fusion-column-has-shadow fusion-flex-justify-content-flex-start fusion-content-layout-column\"><div class=\"fusion-form-field fusion-form-textarea-field fusion-form-label-above\" style=\"\" data-form-id=\"523\"><textarea cols=\"40\" autocomplete=\"off\"  minlength=\"0\"  rows=\"4\" tabindex=\"\" id=\"message\" name=\"message\" class=\"fusion-form-input\" required=\"true\" aria-required=\"true\" placeholder=\"Votre message *\" data-holds-private-data=\"false\"><\/textarea><\/div><\/div><\/div><div class=\"fusion-layout-column fusion_builder_column fusion-builder-column-5 fusion_builder_column_1_1 1_1 fusion-flex-column\" style=\"--awb-bg-size:cover;--awb-width-large:100%;--awb-flex-grow:0;--awb-flex-shrink:0;--awb-margin-top-large:0px;--awb-spacing-right-large:15px;--awb-margin-bottom-large:0px;--awb-spacing-left-large:15px;--awb-width-medium:100%;--awb-order-medium:0;--awb-flex-grow-medium:0;--awb-flex-shrink-medium:0;--awb-spacing-right-medium:15px;--awb-spacing-left-medium:15px;--awb-width-small:100%;--awb-order-small:0;--awb-flex-grow-small:0;--awb-flex-shrink-small:0;--awb-spacing-right-small:15px;--awb-spacing-left-small:15px;\"><div class=\"fusion-column-wrapper fusion-column-has-shadow fusion-flex-justify-content-flex-start fusion-content-layout-column\"><div class=\"fusion-form-field fusion-form-submit-field fusion-form-label-above\" style=\"\" data-form-id=\"523\"><div ><button type=\"submit\" class=\"fusion-button button-flat button-xlarge button-custom fusion-button-default button-1 fusion-button-span-yes  button-default form-form-submit\" style=\"--button_accent_color:var(--awb-color1);--button_accent_hover_color:var(--awb-color1);--button_border_hover_color:var(--awb-color1);--button_gradient_top_color:var(--awb-color5);--button_gradient_bottom_color:var(--awb-color5);--button_gradient_top_color_hover:var(--awb-color5);--button_gradient_bottom_color_hover:var(--awb-color5);\" data-form-number=\"523\" tabindex=\"\"><span class=\"fusion-button-text awb-button__text awb-button__text--default\">Envoyer votre message<\/span><\/button><\/div><\/div><\/div><\/div><div class=\"fusion-layout-column fusion_builder_column fusion-builder-column-6 fusion_builder_column_1_1 1_1 fusion-flex-column\" style=\"--awb-bg-size:cover;--awb-width-large:100%;--awb-flex-grow:0;--awb-flex-shrink:0;--awb-margin-top-large:0px;--awb-spacing-right-large:15px;--awb-margin-bottom-large:0px;--awb-spacing-left-large:15px;--awb-width-medium:100%;--awb-order-medium:0;--awb-flex-grow-medium:0;--awb-flex-shrink-medium:0;--awb-spacing-right-medium:15px;--awb-spacing-left-medium:15px;--awb-width-small:100%;--awb-order-small:0;--awb-flex-grow-small:0;--awb-flex-shrink-small:0;--awb-spacing-right-small:15px;--awb-spacing-left-small:15px;\"><div class=\"fusion-column-wrapper fusion-column-has-shadow fusion-flex-justify-content-flex-start fusion-content-layout-column\"><div class=\"form-submission-notices data-notice_1\" id=\"fusion-notices-1\" data-instance=\"1\"><div class=\"fusion-alert alert success alert-success fusion-alert-center fusion-form-response fusion-form-response-success awb-alert-native-link-color alert-dismissable awb-alert-close-boxed\" role=\"alert\"><div class=\"fusion-alert-content-wrapper\"><span class=\"alert-icon\"><i class=\"awb-icon-check-circle\" aria-hidden=\"true\"><\/i><\/span><span class=\"fusion-alert-content\">Merci pour votre message. Il a \u00e9t\u00e9 envoy\u00e9.<\/span><\/div><button type=\"button\" class=\"close toggle-alert\" data-dismiss=\"alert\" aria-label=\"Close\">&times;<\/button><\/div><div class=\"fusion-alert alert error alert-danger fusion-alert-center fusion-form-response fusion-form-response-error awb-alert-native-link-color alert-dismissable awb-alert-close-boxed\" role=\"alert\"><div class=\"fusion-alert-content-wrapper\"><span class=\"alert-icon\"><i class=\"awb-icon-exclamation-triangle\" aria-hidden=\"true\"><\/i><\/span><span class=\"fusion-alert-content\">Une erreur s'est produite lors de la tentative d'envoi de votre message. Veuillez r\u00e9essayer plus tard.<\/span><\/div><button type=\"button\" class=\"close toggle-alert\" data-dismiss=\"alert\" aria-label=\"Close\">&times;<\/button><\/div><\/div><\/div><\/div><\/div><\/div><input type=\"hidden\" name=\"fusion_privacy_expiration_interval\" value=\"48\"><input type=\"hidden\" name=\"privacy_expiration_action\" value=\"anonymize\"><\/form><\/div><\/div><\/div><\/div><\/div><\/div><\/div><\/div><\/div>\n","protected":false},"excerpt":{"rendered":"","protected":false},"author":3,"featured_media":877,"parent":0,"menu_order":0,"comment_status":"closed","ping_status":"closed","template":"100-width.php","meta":{"_uag_custom_page_level_css":"","footnotes":""},"class_list":["post-1274","page","type-page","status-publish","has-post-thumbnail","hentry"],"uagb_featured_image_src":{"full":["https:\/\/www.bienfaitspourtoits-lehavre.fr\/wp-content\/uploads\/2023\/08\/36-Bd-ALBERT-1er-LE-HAVRE-\u00a9-VINCENT-RUSTUEL-59-scaled.jpg",1707,2560,false],"thumbnail":["https:\/\/www.bienfaitspourtoits-lehavre.fr\/wp-content\/uploads\/2023\/08\/36-Bd-ALBERT-1er-LE-HAVRE-\u00a9-VINCENT-RUSTUEL-59-150x150.jpg",150,150,true],"medium":["https:\/\/www.bienfaitspourtoits-lehavre.fr\/wp-content\/uploads\/2023\/08\/36-Bd-ALBERT-1er-LE-HAVRE-\u00a9-VINCENT-RUSTUEL-59-200x300.jpg",200,300,true],"medium_large":["https:\/\/www.bienfaitspourtoits-lehavre.fr\/wp-content\/uploads\/2023\/08\/36-Bd-ALBERT-1er-LE-HAVRE-\u00a9-VINCENT-RUSTUEL-59-768x1152.jpg",768,1152,true],"large":["https:\/\/www.bienfaitspourtoits-lehavre.fr\/wp-content\/uploads\/2023\/08\/36-Bd-ALBERT-1er-LE-HAVRE-\u00a9-VINCENT-RUSTUEL-59-683x1024.jpg",683,1024,true],"1536x1536":["https:\/\/www.bienfaitspourtoits-lehavre.fr\/wp-content\/uploads\/2023\/08\/36-Bd-ALBERT-1er-LE-HAVRE-\u00a9-VINCENT-RUSTUEL-59-1024x1536.jpg",1024,1536,true],"2048x2048":["https:\/\/www.bienfaitspourtoits-lehavre.fr\/wp-content\/uploads\/2023\/08\/36-Bd-ALBERT-1er-LE-HAVRE-\u00a9-VINCENT-RUSTUEL-59-1365x2048.jpg",1365,2048,true],"blog-large":["https:\/\/www.bienfaitspourtoits-lehavre.fr\/wp-content\/uploads\/2023\/08\/36-Bd-ALBERT-1er-LE-HAVRE-\u00a9-VINCENT-RUSTUEL-59-669x272.jpg",669,272,true],"blog-medium":["https:\/\/www.bienfaitspourtoits-lehavre.fr\/wp-content\/uploads\/2023\/08\/36-Bd-ALBERT-1er-LE-HAVRE-\u00a9-VINCENT-RUSTUEL-59-320x202.jpg",320,202,true],"recent-posts":["https:\/\/www.bienfaitspourtoits-lehavre.fr\/wp-content\/uploads\/2023\/08\/36-Bd-ALBERT-1er-LE-HAVRE-\u00a9-VINCENT-RUSTUEL-59-700x441.jpg",700,441,true],"recent-works-thumbnail":["https:\/\/www.bienfaitspourtoits-lehavre.fr\/wp-content\/uploads\/2023\/08\/36-Bd-ALBERT-1er-LE-HAVRE-\u00a9-VINCENT-RUSTUEL-59-66x66.jpg",66,66,true],"fusion-200":["https:\/\/www.bienfaitspourtoits-lehavre.fr\/wp-content\/uploads\/2023\/08\/36-Bd-ALBERT-1er-LE-HAVRE-\u00a9-VINCENT-RUSTUEL-59-200x300.jpg",200,300,true],"fusion-400":["https:\/\/www.bienfaitspourtoits-lehavre.fr\/wp-content\/uploads\/2023\/08\/36-Bd-ALBERT-1er-LE-HAVRE-\u00a9-VINCENT-RUSTUEL-59-400x600.jpg",400,600,true],"fusion-600":["https:\/\/www.bienfaitspourtoits-lehavre.fr\/wp-content\/uploads\/2023\/08\/36-Bd-ALBERT-1er-LE-HAVRE-\u00a9-VINCENT-RUSTUEL-59-600x900.jpg",600,900,true],"fusion-800":["https:\/\/www.bienfaitspourtoits-lehavre.fr\/wp-content\/uploads\/2023\/08\/36-Bd-ALBERT-1er-LE-HAVRE-\u00a9-VINCENT-RUSTUEL-59-800x1200.jpg",800,1200,true],"fusion-1200":["https:\/\/www.bienfaitspourtoits-lehavre.fr\/wp-content\/uploads\/2023\/08\/36-Bd-ALBERT-1er-LE-HAVRE-\u00a9-VINCENT-RUSTUEL-59-1200x1800.jpg",1200,1800,true],"portfolio-full":["https:\/\/www.bienfaitspourtoits-lehavre.fr\/wp-content\/uploads\/2023\/08\/36-Bd-ALBERT-1er-LE-HAVRE-\u00a9-VINCENT-RUSTUEL-59-940x400.jpg",940,400,true],"portfolio-one":["https:\/\/www.bienfaitspourtoits-lehavre.fr\/wp-content\/uploads\/2023\/08\/36-Bd-ALBERT-1er-LE-HAVRE-\u00a9-VINCENT-RUSTUEL-59-540x272.jpg",540,272,true],"portfolio-two":["https:\/\/www.bienfaitspourtoits-lehavre.fr\/wp-content\/uploads\/2023\/08\/36-Bd-ALBERT-1er-LE-HAVRE-\u00a9-VINCENT-RUSTUEL-59-460x295.jpg",460,295,true],"portfolio-three":["https:\/\/www.bienfaitspourtoits-lehavre.fr\/wp-content\/uploads\/2023\/08\/36-Bd-ALBERT-1er-LE-HAVRE-\u00a9-VINCENT-RUSTUEL-59-300x214.jpg",300,214,true],"portfolio-five":["https:\/\/www.bienfaitspourtoits-lehavre.fr\/wp-content\/uploads\/2023\/08\/36-Bd-ALBERT-1er-LE-HAVRE-\u00a9-VINCENT-RUSTUEL-59-177x142.jpg",177,142,true]},"uagb_author_info":{"display_name":"Cl\u00e9ment Vatinel","author_link":"https:\/\/www.bienfaitspourtoits-lehavre.fr\/en\/author\/clement\/"},"uagb_comment_info":0,"uagb_excerpt":null,"_links":{"self":[{"href":"https:\/\/www.bienfaitspourtoits-lehavre.fr\/en\/wp-json\/wp\/v2\/pages\/1274","targetHints":{"allow":["GET"]}}],"collection":[{"href":"https:\/\/www.bienfaitspourtoits-lehavre.fr\/en\/wp-json\/wp\/v2\/pages"}],"about":[{"href":"https:\/\/www.bienfaitspourtoits-lehavre.fr\/en\/wp-json\/wp\/v2\/types\/page"}],"author":[{"embeddable":true,"href":"https:\/\/www.bienfaitspourtoits-lehavre.fr\/en\/wp-json\/wp\/v2\/users\/3"}],"replies":[{"embeddable":true,"href":"https:\/\/www.bienfaitspourtoits-lehavre.fr\/en\/wp-json\/wp\/v2\/comments?post=1274"}],"version-history":[{"count":5,"href":"https:\/\/www.bienfaitspourtoits-lehavre.fr\/en\/wp-json\/wp\/v2\/pages\/1274\/revisions"}],"predecessor-version":[{"id":1428,"href":"https:\/\/www.bienfaitspourtoits-lehavre.fr\/en\/wp-json\/wp\/v2\/pages\/1274\/revisions\/1428"}],"wp:featuredmedia":[{"embeddable":true,"href":"https:\/\/www.bienfaitspourtoits-lehavre.fr\/en\/wp-json\/wp\/v2\/media\/877"}],"wp:attachment":[{"href":"https:\/\/www.bienfaitspourtoits-lehavre.fr\/en\/wp-json\/wp\/v2\/media?parent=1274"}],"curies":[{"name":"wp","href":"https:\/\/api.w.org\/{rel}","templated":true}]}}